{"id":311,"date":"2026-04-07T16:55:23","date_gmt":"2026-04-07T16:55:23","guid":{"rendered":"https:\/\/domuracr.com\/about\/"},"modified":"2026-04-22T19:08:05","modified_gmt":"2026-04-23T01:08:05","slug":"about","status":"publish","type":"page","link":"https:\/\/domuracr.com\/en\/about\/","title":{"rendered":"Nuestro Equipo"},"content":{"rendered":"<div class=\"wp-block-uagb-advanced-heading uagb-block-04e8a5e6\"><h2 class=\"uagb-heading-text\">Conozca a Nuestro Equipo<\/h2><\/div>\n\n\n\n<div class=\"wp-block-uagb-container uagb-block-a57c25c4 alignfull uagb-is-root-container\"><div class=\"uagb-container-inner-blocks-wrap\">\n<div class=\"wp-block-uagb-image uagb-block-d2fb4c31 wp-block-uagb-image--layout-default wp-block-uagb-image--effect-static wp-block-uagb-image--align-none\"><figure class=\"wp-block-uagb-image__figure\"><img decoding=\"async\" srcset=\"https:\/\/domuracr.com\/wp-content\/uploads\/2026\/04\/Daniel.jpg ,https:\/\/domuracr.com\/wp-content\/uploads\/2026\/04\/Daniel.jpg 780w, https:\/\/domuracr.com\/wp-content\/uploads\/2026\/04\/Daniel.jpg 360w\" sizes=\"auto, (max-width: 480px) 150px\" src=\"https:\/\/domuracr.com\/wp-content\/uploads\/2026\/04\/Daniel.jpg\" alt=\"\" class=\"uag-image-494\" width=\"468\" height=\"377\" title=\"Daniel\" loading=\"lazy\" role=\"img\"\/><\/figure><\/div>\n\n\n\n<div class=\"wp-block-uagb-container uagb-block-e06244eb\">\n<h4 class=\"wp-block-heading\">Daniel Paniagua Arg\u00fcello<\/h4>\n\n\n\n<p>Especializado en la identificaci\u00f3n, valoraci\u00f3n y gesti\u00f3n estrat\u00e9gica de propiedades, con una visi\u00f3n integral del mercado inmobiliario y un enfoque orientado a resultados de alto nivel. Su labor consiste en conectar cada inmueble con el cliente adecuado, mediante un proceso riguroso que combina an\u00e1lisis comercial, conocimiento del entorno y una presentaci\u00f3n impecable de cada propiedad.<\/p>\n\n\n\n<p>Encargado de la captaci\u00f3n, evaluaci\u00f3n y posicionamiento de inmuebles, asegurando que cada uno sea gestionado con criterio, confidencialidad y atenci\u00f3n meticulosa a los detalles. Acompa\u00f1a de forma cercana tanto a propietarios como a potenciales compradores o arrendatarios, brindando asesor\u00eda continua, comunicaci\u00f3n transparente y seguimiento constante en cada etapa del proceso.<\/p>\n\n\n\n<p>Su enfoque se basa en generar confianza, optimizar oportunidades de negocio y garantizar experiencias fluidas, seguras y satisfactorias, alineadas con los intereses y expectativas de cada cliente.<br><br><br><\/p>\n<\/div>\n<\/div><\/div>\n\n\n\n<div class=\"wp-block-uagb-container uagb-block-dc759653 alignfull uagb-is-root-container\"><div class=\"uagb-container-inner-blocks-wrap\">\n<div class=\"wp-block-uagb-container uagb-block-1682133d\">\n<div class=\"wp-block-uagb-image uagb-block-a50bd27e wp-block-uagb-image--layout-default wp-block-uagb-image--effect-static wp-block-uagb-image--align-none\"><figure class=\"wp-block-uagb-image__figure\"><img decoding=\"async\" srcset=\"https:\/\/domuracr.com\/wp-content\/uploads\/2026\/04\/Yohaidy.jpeg ,https:\/\/domuracr.com\/wp-content\/uploads\/2026\/04\/Yohaidy.jpeg 780w, https:\/\/domuracr.com\/wp-content\/uploads\/2026\/04\/Yohaidy.jpeg 360w\" sizes=\"auto, (max-width: 480px) 150px\" src=\"https:\/\/domuracr.com\/wp-content\/uploads\/2026\/04\/Yohaidy.jpeg\" alt=\"\" class=\"uag-image-500\" width=\"379\" height=\"569\" title=\"Yohaidy\" loading=\"lazy\" role=\"img\"\/><\/figure><\/div>\n<\/div>\n\n\n\n<div class=\"wp-block-uagb-container uagb-block-34ca34bc\">\n<h4 class=\"wp-block-heading\">Yohaidy Vargas M\u00e9ndez<\/h4>\n\n\n\n<p><br>Abogada y Notaria P\u00fablica, egresada de la Universidad de Costa Rica, donde obtuvo los grados de Bachillerato, Licenciatura y Posgrado en Derecho, todos con Graduaci\u00f3n de Honor.<br><br><br>Encargada de la revisi\u00f3n jur\u00eddica de las propiedades, verificaci\u00f3n de requisitos legales y registrales, an\u00e1lisis de antecedentes, as\u00ed como de la estructuraci\u00f3n y formalizaci\u00f3n de las transacciones, garantizando seguridad jur\u00eddica, transparencia y confianza en cada operaci\u00f3n.<\/p>\n\n\n\n<p><br><br><br><\/p>\n<\/div>\n<\/div><\/div>\n\n\n\n<div class=\"wp-block-uagb-container uagb-block-d1021bd2 alignfull uagb-is-root-container\"><div class=\"uagb-container-inner-blocks-wrap\">\n<div class=\"wp-block-uagb-container uagb-block-12a2c339\">\n<div class=\"wp-block-uagb-image uagb-block-218e80a0 wp-block-uagb-image--layout-default wp-block-uagb-image--effect-static wp-block-uagb-image--align-none\"><figure class=\"wp-block-uagb-image__figure\"><img decoding=\"async\" srcset=\"https:\/\/domuracr.com\/wp-content\/uploads\/2026\/04\/Jose-Enrique.jpg ,https:\/\/domuracr.com\/wp-content\/uploads\/2026\/04\/Jose-Enrique.jpg 780w, https:\/\/domuracr.com\/wp-content\/uploads\/2026\/04\/Jose-Enrique.jpg 360w\" sizes=\"auto, (max-width: 480px) 150px\" src=\"https:\/\/domuracr.com\/wp-content\/uploads\/2026\/04\/Jose-Enrique.jpg\" alt=\"\" class=\"uag-image-495\" width=\"305\" height=\"357\" title=\"Jose Enrique\" loading=\"lazy\" role=\"img\"\/><\/figure><\/div>\n<\/div>\n\n\n\n<div class=\"wp-block-uagb-container uagb-block-e30d9eff\">\n<div class=\"wp-block-uagb-advanced-heading uagb-block-9118752e\"><h5 class=\"uagb-heading-text\">Jos\u00e9 Enrique V\u00e1squez Segura<\/h5><p class=\"uagb-desc-text\">Ingeniero top\u00f3grafo e hidr\u00f3grafo<br>Encargado de servicios en topograf\u00eda, estudios catastrales y registrales y aval\u00fao de bienes inmuebles<\/p><\/div>\n<\/div>\n<\/div><\/div>","protected":false},"excerpt":{"rendered":"<p>Conozca a Nuestro Equipo Daniel Paniagua Arg\u00fcello Especializado en la identificaci\u00f3n, valoraci\u00f3n y gesti\u00f3n estrat\u00e9gica de propiedades, con una visi\u00f3n integral del [&hellip;]<\/p>\n","protected":false},"author":1,"featured_media":0,"parent":0,"menu_order":0,"comment_status":"closed","ping_status":"closed","template":"","meta":{"_uag_custom_page_level_css":"","_monsterinsights_skip_tracking":false,"_monsterinsights_sitenote_active":false,"_monsterinsights_sitenote_note":"","_monsterinsights_sitenote_category":0,"footnotes":""},"class_list":["post-311","page","type-page","status-publish","hentry"],"aioseo_notices":[],"_hostinger_reach_plugin_has_subscription_block":false,"_hostinger_reach_plugin_is_elementor":false,"uagb_featured_image_src":{"full":false,"thumbnail":false,"medium":false,"medium_large":false,"large":false,"1536x1536":false,"2048x2048":false,"trp-custom-language-flag":false,"sydney-large-thumb":false,"sydney-medium-thumb":false,"sydney-small-thumb":false,"sydney-service-thumb":false,"sydney-mas-thumb":false},"uagb_author_info":{"display_name":"dalgon88@gmail.com","author_link":"https:\/\/domuracr.com\/en\/author\/dalgon88gmail-com\/"},"uagb_comment_info":0,"uagb_excerpt":"Conozca a Nuestro Equipo Daniel Paniagua Arg\u00fcello Especializado en la identificaci\u00f3n, valoraci\u00f3n y gesti\u00f3n estrat\u00e9gica de propiedades, con una visi\u00f3n integral del [&hellip;]","_links":{"self":[{"href":"https:\/\/domuracr.com\/en\/wp-json\/wp\/v2\/pages\/311","targetHints":{"allow":["GET"]}}],"collection":[{"href":"https:\/\/domuracr.com\/en\/wp-json\/wp\/v2\/pages"}],"about":[{"href":"https:\/\/domuracr.com\/en\/wp-json\/wp\/v2\/types\/page"}],"author":[{"embeddable":true,"href":"https:\/\/domuracr.com\/en\/wp-json\/wp\/v2\/users\/1"}],"replies":[{"embeddable":true,"href":"https:\/\/domuracr.com\/en\/wp-json\/wp\/v2\/comments?post=311"}],"version-history":[{"count":5,"href":"https:\/\/domuracr.com\/en\/wp-json\/wp\/v2\/pages\/311\/revisions"}],"predecessor-version":[{"id":502,"href":"https:\/\/domuracr.com\/en\/wp-json\/wp\/v2\/pages\/311\/revisions\/502"}],"wp:attachment":[{"href":"https:\/\/domuracr.com\/en\/wp-json\/wp\/v2\/media?parent=311"}],"curies":[{"name":"wp","href":"https:\/\/api.w.org\/{rel}","templated":true}]}}